{"id":3,"date":"2025-06-20T12:28:23","date_gmt":"2025-06-20T10:28:23","guid":{"rendered":"https:\/\/eloisefaresharpiste.com\/?page_id=3"},"modified":"2025-07-18T09:14:48","modified_gmt":"2025-07-18T07:14:48","slug":"politique-de-confidentialite-et-coockies","status":"publish","type":"page","link":"https:\/\/eloisefaresharpiste.com\/en\/politique-de-confidentialite-et-coockies\/","title":{"rendered":"Privacy and cookies policy"},"content":{"rendered":"<div data-elementor-type=\"wp-page\" data-elementor-id=\"3\" class=\"elementor elementor-3\" data-elementor-post-type=\"page\">\n\t\t\t\t<div class=\"elementor-element elementor-element-576547f6 e-flex e-con-boxed e-con e-parent\" data-id=\"576547f6\" data-element_type=\"container\" data-e-type=\"container\">\n\t\t\t\t\t<div class=\"e-con-inner\">\n\t\t\t\t<div class=\"elementor-element elementor-element-5c18e43d elementor-widget elementor-widget-heading\" data-id=\"5c18e43d\" data-element_type=\"widget\" data-e-type=\"widget\" data-widget_type=\"heading.default\">\n\t\t\t\t<div class=\"elementor-widget-container\">\n\t\t\t\t\t<h2 class=\"elementor-heading-title elementor-size-default\">Politique de confidentialit\u00e9 &amp; cookies<\/h2>\t\t\t\t<\/div>\n\t\t\t\t<\/div>\n\t\t\t\t<div class=\"elementor-element elementor-element-35c3bad0 elementor-widget elementor-widget-text-editor\" data-id=\"35c3bad0\" data-element_type=\"widget\" data-e-type=\"widget\" data-widget_type=\"text-editor.default\">\n\t\t\t\t<div class=\"elementor-widget-container\">\n\t\t\t\t\t\t\t\t\t<p>Derni\u00e8re mise \u00e0 jour : 17 juillet 2025<\/p>\t\t\t\t\t\t\t\t<\/div>\n\t\t\t\t<\/div>\n\t\t\t\t<div class=\"elementor-element elementor-element-2becdd0e elementor-widget elementor-widget-heading\" data-id=\"2becdd0e\" data-element_type=\"widget\" data-e-type=\"widget\" data-widget_type=\"heading.default\">\n\t\t\t\t<div class=\"elementor-widget-container\">\n\t\t\t\t\t<h3 class=\"elementor-heading-title elementor-size-default\">Qui sommes-nous ?<\/h3>\t\t\t\t<\/div>\n\t\t\t\t<\/div>\n\t\t\t\t<div class=\"elementor-element elementor-element-693ad80c elementor-widget elementor-widget-text-editor\" data-id=\"693ad80c\" data-element_type=\"widget\" data-e-type=\"widget\" data-widget_type=\"text-editor.default\">\n\t\t\t\t<div class=\"elementor-widget-container\">\n\t\t\t\t\t\t\t\t\t<p>La pr\u00e9sente politique d\u00e9crit comment <em data-start=\"2098\" data-end=\"2112\">Elo\u00efse Fares<\/em> (ci-apr\u00e8s \u00ab nous \u00bb) traite vos donn\u00e9es lors de la navigation sur le site <a class=\"\" href=\"http:\/\/www.eloisefares.com\" target=\"_new\" rel=\"noopener\" data-start=\"2186\" data-end=\"2205\">www.eloisefares.com<\/a><\/p>\t\t\t\t\t\t\t\t<\/div>\n\t\t\t\t<\/div>\n\t\t\t\t<div class=\"elementor-element elementor-element-2ce21971 elementor-widget elementor-widget-heading\" data-id=\"2ce21971\" data-element_type=\"widget\" data-e-type=\"widget\" data-widget_type=\"heading.default\">\n\t\t\t\t<div class=\"elementor-widget-container\">\n\t\t\t\t\t<h3 class=\"elementor-heading-title elementor-size-default\">Donn\u00e9es collect\u00e9es<\/h3>\t\t\t\t<\/div>\n\t\t\t\t<\/div>\n\t\t\t\t<div class=\"elementor-element elementor-element-7d20346 elementor-widget elementor-widget-heading\" data-id=\"7d20346\" data-element_type=\"widget\" data-e-type=\"widget\" data-widget_type=\"heading.default\">\n\t\t\t\t<div class=\"elementor-widget-container\">\n\t\t\t\t\t<p class=\"elementor-heading-title elementor-size-default\">Contact form<\/p>\t\t\t\t<\/div>\n\t\t\t\t<\/div>\n\t\t\t\t<div class=\"elementor-element elementor-element-2706d9b9 elementor-widget elementor-widget-text-editor\" data-id=\"2706d9b9\" data-element_type=\"widget\" data-e-type=\"widget\" data-widget_type=\"text-editor.default\">\n\t\t\t\t<div class=\"elementor-widget-container\">\n\t\t\t\t\t\t\t\t\t<p><strong>Cat\u00e9gories :<\/strong> Nom, pr\u00e9nom, nom de structure, e-mail, message<\/p><p><strong>Provenance :<\/strong> Directement aupr\u00e8s de l\u2019utilisateur<\/p><p><strong>Caract\u00e8re obligatoire :<\/strong> l\u2019utilisateurChamps \u00ab Pr\u00e9nom \u00bb \u00ab Nom \u00bb et \u00ab E-mail \u00bb requis<\/p>\t\t\t\t\t\t\t\t<\/div>\n\t\t\t\t<\/div>\n\t\t\t\t<div class=\"elementor-element elementor-element-2c54167a elementor-widget elementor-widget-heading\" data-id=\"2c54167a\" data-element_type=\"widget\" data-e-type=\"widget\" data-widget_type=\"heading.default\">\n\t\t\t\t<div class=\"elementor-widget-container\">\n\t\t\t\t\t<h3 class=\"elementor-heading-title elementor-size-default\">Finalit\u00e9s &amp; bases l\u00e9gales<\/h3>\t\t\t\t<\/div>\n\t\t\t\t<\/div>\n\t\t\t\t<div class=\"elementor-element elementor-element-109a3b6e elementor-widget elementor-widget-text-editor\" data-id=\"109a3b6e\" data-element_type=\"widget\" data-e-type=\"widget\" data-widget_type=\"text-editor.default\">\n\t\t\t\t<div class=\"elementor-widget-container\">\n\t\t\t\t\t\t\t\t\t<p>Gestion des demandes re\u00e7ues via le formulaire, suivi de la relation professionnelle : <strong data-start=\"2796\" data-end=\"2816\">Int\u00e9r\u00eat l\u00e9gitime<\/strong> de communiquer avec le public et les prospects<\/p><p>Prospection artistique et gestion d\u2019agenda : <strong data-start=\"2913\" data-end=\"2930\">Consente\u00adment<\/strong> (cases \u00e0 cocher \/ banni\u00e8re Complianz)<\/p><p>Mesure d\u2019audience du site (Google Analytics 4)\u00a0 : <strong>Consente\u00adment<\/strong><\/p><p>Diffusion de contenus multim\u00e9dias (YouTube) : <strong>Consente\u00adment<\/strong><\/p>\t\t\t\t\t\t\t\t<\/div>\n\t\t\t\t<\/div>\n\t\t\t\t<div class=\"elementor-element elementor-element-503aeab1 elementor-widget elementor-widget-heading\" data-id=\"503aeab1\" data-element_type=\"widget\" data-e-type=\"widget\" data-widget_type=\"heading.default\">\n\t\t\t\t<div class=\"elementor-widget-container\">\n\t\t\t\t\t<h3 class=\"elementor-heading-title elementor-size-default\">Dur\u00e9es de conservation des donn\u00e9es<\/h3>\t\t\t\t<\/div>\n\t\t\t\t<\/div>\n\t\t\t\t<div class=\"elementor-element elementor-element-6839ae54 elementor-widget elementor-widget-text-editor\" data-id=\"6839ae54\" data-element_type=\"widget\" data-e-type=\"widget\" data-widget_type=\"text-editor.default\">\n\t\t\t\t<div class=\"elementor-widget-container\">\n\t\t\t\t\t\t\t\t\t<p>Messages re\u00e7us via le formulaire : 3 ans apr\u00e8s le dernier \u00e9change<\/p><p>Cookies de mesure d\u2019audience : 13 mois max. (recommandation CNIL)<\/p><p>Cookies YouTube : 6 mois max. ou session<\/p>\t\t\t\t\t\t\t\t<\/div>\n\t\t\t\t<\/div>\n\t\t\t\t<div class=\"elementor-element elementor-element-6fe56c19 elementor-widget elementor-widget-heading\" data-id=\"6fe56c19\" data-element_type=\"widget\" data-e-type=\"widget\" data-widget_type=\"heading.default\">\n\t\t\t\t<div class=\"elementor-widget-container\">\n\t\t\t\t\t<h3 class=\"elementor-heading-title elementor-size-default\">Destinataires &amp; sous-traitants<\/h3>\t\t\t\t<\/div>\n\t\t\t\t<\/div>\n\t\t\t\t<div class=\"elementor-element elementor-element-53ba87af elementor-widget elementor-widget-text-editor\" data-id=\"53ba87af\" data-element_type=\"widget\" data-e-type=\"widget\" data-widget_type=\"text-editor.default\">\n\t\t\t\t<div class=\"elementor-widget-container\">\n\t\t\t\t\t\t\t\t\t<ul data-start=\"3408\" data-end=\"3615\"><li data-start=\"3408\" data-end=\"3444\"><p data-start=\"3410\" data-end=\"3444\"><strong data-start=\"3410\" data-end=\"3423\">OVH Cloud<\/strong> (h\u00e9bergement \u2013 UE)<\/p><\/li><li data-start=\"3445\" data-end=\"3491\"><p data-start=\"3447\" data-end=\"3491\"><strong data-start=\"3447\" data-end=\"3482\">Google LLC \/ Google Analytics 4<\/strong> (USA*)<\/p><\/li><li data-start=\"3492\" data-end=\"3615\"><p data-start=\"3494\" data-end=\"3615\"><strong data-start=\"3494\" data-end=\"3509\">YouTube LLC<\/strong> (USA*)<br data-start=\"3516\" data-end=\"3519\" \/>(*Transfert encadr\u00e9 par Clauses Contractuelles Types + mesures additionnelles de chiffrement.)<\/p><\/li><\/ul><p data-start=\"3617\" data-end=\"3697\">Aucun autre partage, cession ou commercialisation de vos donn\u00e9es n\u2019est effectu\u00e9.<\/p>\t\t\t\t\t\t\t\t<\/div>\n\t\t\t\t<\/div>\n\t\t\t\t<div class=\"elementor-element elementor-element-7c0f1f27 elementor-widget elementor-widget-heading\" data-id=\"7c0f1f27\" data-element_type=\"widget\" data-e-type=\"widget\" data-widget_type=\"heading.default\">\n\t\t\t\t<div class=\"elementor-widget-container\">\n\t\t\t\t\t<h3 class=\"elementor-heading-title elementor-size-default\">Transferts hors UE<\/h3>\t\t\t\t<\/div>\n\t\t\t\t<\/div>\n\t\t\t\t<div class=\"elementor-element elementor-element-2f5d0234 elementor-widget elementor-widget-text-editor\" data-id=\"2f5d0234\" data-element_type=\"widget\" data-e-type=\"widget\" data-widget_type=\"text-editor.default\">\n\t\t\t\t<div class=\"elementor-widget-container\">\n\t\t\t\t\t\t\t\t\t<p>Oui : \u00c9tats-Unis (Google Analytics 4, YouTube). Les transferts sont fond\u00e9s sur les Clauses Contractuelles Types compl\u00e9t\u00e9es par des mesures techniques appropri\u00e9es (TLS, pseudonymisation).<\/p>\t\t\t\t\t\t\t\t<\/div>\n\t\t\t\t<\/div>\n\t\t\t\t<div class=\"elementor-element elementor-element-219acad elementor-widget elementor-widget-heading\" data-id=\"219acad\" data-element_type=\"widget\" data-e-type=\"widget\" data-widget_type=\"heading.default\">\n\t\t\t\t<div class=\"elementor-widget-container\">\n\t\t\t\t\t<h3 class=\"elementor-heading-title elementor-size-default\">S\u00e9curit\u00e9<\/h3>\t\t\t\t<\/div>\n\t\t\t\t<\/div>\n\t\t\t\t<div class=\"elementor-element elementor-element-713d07ee elementor-widget elementor-widget-text-editor\" data-id=\"713d07ee\" data-element_type=\"widget\" data-e-type=\"widget\" data-widget_type=\"text-editor.default\">\n\t\t\t\t<div class=\"elementor-widget-container\">\n\t\t\t\t\t\t\t\t\t<ul><li data-start=\"3935\" data-end=\"3958\"><p data-start=\"3937\" data-end=\"3958\">chiffrement HTTPS ;<\/p><\/li><li data-start=\"3959\" data-end=\"3994\"><p data-start=\"3961\" data-end=\"3994\">serveurs OVH situ\u00e9s en France ;<\/p><\/li><li data-start=\"3995\" data-end=\"4030\"><p data-start=\"3997\" data-end=\"4030\">acc\u00e8s limit\u00e9s et authentifi\u00e9s ;<\/p><\/li><li data-start=\"4031\" data-end=\"4059\"><p data-start=\"4033\" data-end=\"4059\">sauvegardes r\u00e9guli\u00e8res ;<\/p><\/li><li data-start=\"4060\" data-end=\"4125\"><p data-start=\"4062\" data-end=\"4125\">anonymisation automatique de certaines donn\u00e9es par Complianz.<\/p><\/li><\/ul>\t\t\t\t\t\t\t\t<\/div>\n\t\t\t\t<\/div>\n\t\t\t\t<div class=\"elementor-element elementor-element-3b46758 elementor-widget elementor-widget-heading\" data-id=\"3b46758\" data-element_type=\"widget\" data-e-type=\"widget\" data-widget_type=\"heading.default\">\n\t\t\t\t<div class=\"elementor-widget-container\">\n\t\t\t\t\t<h3 class=\"elementor-heading-title elementor-size-default\">Vos droits<\/h3>\t\t\t\t<\/div>\n\t\t\t\t<\/div>\n\t\t\t\t<div class=\"elementor-element elementor-element-8168776 elementor-widget elementor-widget-text-editor\" data-id=\"8168776\" data-element_type=\"widget\" data-e-type=\"widget\" data-widget_type=\"text-editor.default\">\n\t\t\t\t<div class=\"elementor-widget-container\">\n\t\t\t\t\t\t\t\t\t<p>Vous disposez des droits d\u2019acc\u00e8s, rectification, effacement, limitation, opposition, portabilit\u00e9 (art. 15-22 RGPD) et du droit de d\u00e9finir des directives post-mortem (art. 85 Loi Informatique &amp; Libert\u00e9s).<br data-start=\"4350\" data-end=\"4353\" \/>Pour les exercer : <a class=\"cursor-pointer\" rel=\"noopener\" data-start=\"4372\" data-end=\"4393\">eloisefares@gmail.com<\/a>. Une r\u00e9ponse vous sera apport\u00e9e sous 1 mois.<br data-start=\"4438\" data-end=\"4441\" \/>Vous pouvez introduire une r\u00e9clamation aupr\u00e8s de la CNIL (cnil.fr).<\/p>\t\t\t\t\t\t\t\t<\/div>\n\t\t\t\t<\/div>\n\t\t\t\t<div class=\"elementor-element elementor-element-a7c5882 elementor-widget elementor-widget-heading\" data-id=\"a7c5882\" data-element_type=\"widget\" data-e-type=\"widget\" data-widget_type=\"heading.default\">\n\t\t\t\t<div class=\"elementor-widget-container\">\n\t\t\t\t\t<h3 class=\"elementor-heading-title elementor-size-default\">Cookies &amp; traceurs<\/h3>\t\t\t\t<\/div>\n\t\t\t\t<\/div>\n\t\t\t\t<div class=\"elementor-element elementor-element-b6e9acb elementor-widget elementor-widget-text-editor\" data-id=\"b6e9acb\" data-element_type=\"widget\" data-e-type=\"widget\" data-widget_type=\"text-editor.default\">\n\t\t\t\t<div class=\"elementor-widget-container\">\n\t\t\t\t\t\t\t\t\t<p><strong>Nom du cookie :<\/strong> <code data-start=\"4687\" data-end=\"4692\">_ga<\/code>, <code data-start=\"4694\" data-end=\"4701\">_ga_*<\/code>, <code data-start=\"4703\" data-end=\"4709\">_gid<\/code><\/p><p><strong>Fournisseur :<\/strong> Google Analytics 4<\/p><p><strong>Finalit\u00e9 :<\/strong> Statistiques anonymes d\u2019audience<\/p><p><strong>Dur\u00e9e :<\/strong> 13 mois \/ 24 h<\/p><p><strong>Consentement requis :<\/strong> Oui<\/p>\t\t\t\t\t\t\t\t<\/div>\n\t\t\t\t<\/div>\n\t\t\t\t<div class=\"elementor-element elementor-element-c2919c8 elementor-widget elementor-widget-text-editor\" data-id=\"c2919c8\" data-element_type=\"widget\" data-e-type=\"widget\" data-widget_type=\"text-editor.default\">\n\t\t\t\t<div class=\"elementor-widget-container\">\n\t\t\t\t\t\t\t\t\t<p><strong>Nom du cookie :<\/strong> <code data-start=\"4793\" data-end=\"4798\">YSC<\/code>, <code data-start=\"4800\" data-end=\"4820\">VISITOR_INFO1_LIVE<\/code>, <code data-start=\"4822\" data-end=\"4831\">CONSENT<\/code><\/p><p><strong>Fournisseur :<\/strong> YouTube<\/p><p><strong>Finalit\u00e9 :<\/strong> Lecture de vid\u00e9os int\u00e9gr\u00e9es<\/p><p><strong>Dur\u00e9e :<\/strong> Session \/ 6 mois<\/p><p><strong>Consentement requis :<\/strong> Oui<\/p>\t\t\t\t\t\t\t\t<\/div>\n\t\t\t\t<\/div>\n\t\t\t\t<div class=\"elementor-element elementor-element-af24e13 elementor-widget elementor-widget-text-editor\" data-id=\"af24e13\" data-element_type=\"widget\" data-e-type=\"widget\" data-widget_type=\"text-editor.default\">\n\t\t\t\t<div class=\"elementor-widget-container\">\n\t\t\t\t\t\t\t\t\t<p><strong>Nom du cookie :<\/strong> cmplz_*<\/p><p><strong>Fournisseur :<\/strong> Complianz<\/p><p><strong>Finalit\u00e9 :<\/strong> Gestion des pr\u00e9f\u00e9rences cookies<\/p><p><strong>Dur\u00e9e :<\/strong> 365 jours\u00a0<\/p><p><strong>Consentement requis :<\/strong> Non (n\u00e9cessaire)<\/p>\t\t\t\t\t\t\t\t<\/div>\n\t\t\t\t<\/div>\n\t\t\t\t<div class=\"elementor-element elementor-element-41eee50 elementor-widget elementor-widget-heading\" data-id=\"41eee50\" data-element_type=\"widget\" data-e-type=\"widget\" data-widget_type=\"heading.default\">\n\t\t\t\t<div class=\"elementor-widget-container\">\n\t\t\t\t\t<p class=\"elementor-heading-title elementor-size-default\">Gestion du consentement\n<\/p>\t\t\t\t<\/div>\n\t\t\t\t<\/div>\n\t\t\t\t<div class=\"elementor-element elementor-element-144006f elementor-widget elementor-widget-text-editor\" data-id=\"144006f\" data-element_type=\"widget\" data-e-type=\"widget\" data-widget_type=\"text-editor.default\">\n\t\t\t\t<div class=\"elementor-widget-container\">\n\t\t\t\t\t\t\t\t\t<p data-start=\"4991\" data-end=\"5090\">Lors de votre premi\u00e8re visite, une banni\u00e8re Complianz vous permet :<\/p><ul data-start=\"5091\" data-end=\"5267\"><li data-start=\"5091\" data-end=\"5124\"><p data-start=\"5093\" data-end=\"5124\">d\u2019accepter tous les cookies ;<\/p><\/li><li data-start=\"5125\" data-end=\"5145\"><p data-start=\"5127\" data-end=\"5145\">de les refuser ;<\/p><\/li><li data-start=\"5146\" data-end=\"5267\"><p data-start=\"5148\" data-end=\"5267\">de personnaliser vos choix.<br data-start=\"5175\" data-end=\"5178\" \/>Vous pouvez \u00e0 tout moment modifier ces r\u00e9glages via l\u2019ic\u00f4ne \u00ab Cookies \u00bb en bas de page.<\/p><\/li><\/ul>\t\t\t\t\t\t\t\t<\/div>\n\t\t\t\t<\/div>\n\t\t\t\t<div class=\"elementor-element elementor-element-66a9b7f elementor-widget elementor-widget-heading\" data-id=\"66a9b7f\" data-element_type=\"widget\" data-e-type=\"widget\" data-widget_type=\"heading.default\">\n\t\t\t\t<div class=\"elementor-widget-container\">\n\t\t\t\t\t<h3 class=\"elementor-heading-title elementor-size-default\">Mineurs de moins de 15 ans<\/h3>\t\t\t\t<\/div>\n\t\t\t\t<\/div>\n\t\t\t\t<div class=\"elementor-element elementor-element-1ddda6e elementor-widget elementor-widget-text-editor\" data-id=\"1ddda6e\" data-element_type=\"widget\" data-e-type=\"widget\" data-widget_type=\"text-editor.default\">\n\t\t\t\t<div class=\"elementor-widget-container\">\n\t\t\t\t\t\t\t\t\t<p>Le site ne vise pas les mineurs. Aucune collecte intentionnelle de donn\u00e9es concernant des enfants de moins de 15 ans n\u2019est effectu\u00e9e.<\/p>\t\t\t\t\t\t\t\t<\/div>\n\t\t\t\t<\/div>\n\t\t\t\t<div class=\"elementor-element elementor-element-d1695a7 elementor-widget elementor-widget-heading\" data-id=\"d1695a7\" data-element_type=\"widget\" data-e-type=\"widget\" data-widget_type=\"heading.default\">\n\t\t\t\t<div class=\"elementor-widget-container\">\n\t\t\t\t\t<h3 class=\"elementor-heading-title elementor-size-default\">Contact &amp; DPO<\/h3>\t\t\t\t<\/div>\n\t\t\t\t<\/div>\n\t\t\t\t<div class=\"elementor-element elementor-element-c130a1d elementor-widget elementor-widget-text-editor\" data-id=\"c130a1d\" data-element_type=\"widget\" data-e-type=\"widget\" data-widget_type=\"text-editor.default\">\n\t\t\t\t<div class=\"elementor-widget-container\">\n\t\t\t\t\t\t\t\t\t<p>Aucun DPO n\u2019est d\u00e9sign\u00e9 (art. 37 RGPD non applicable).<br data-start=\"5521\" data-end=\"5524\" \/>Toute question relative \u00e0 la protection des donn\u00e9es : <a class=\"cursor-pointer\" rel=\"noopener\" data-start=\"5578\" data-end=\"5599\">eloisefares@gmail.com<\/a><\/p><p>\u00a0<\/p>\t\t\t\t\t\t\t\t<\/div>\n\t\t\t\t<\/div>\n\t\t\t\t<div class=\"elementor-element elementor-element-02e1b65 elementor-widget elementor-widget-heading\" data-id=\"02e1b65\" data-element_type=\"widget\" data-e-type=\"widget\" data-widget_type=\"heading.default\">\n\t\t\t\t<div class=\"elementor-widget-container\">\n\t\t\t\t\t<h3 class=\"elementor-heading-title elementor-size-default\">Mises \u00e0 jour<\/h3>\t\t\t\t<\/div>\n\t\t\t\t<\/div>\n\t\t\t\t<div class=\"elementor-element elementor-element-2ad69ea elementor-widget elementor-widget-text-editor\" data-id=\"2ad69ea\" data-element_type=\"widget\" data-e-type=\"widget\" data-widget_type=\"text-editor.default\">\n\t\t\t\t<div class=\"elementor-widget-container\">\n\t\t\t\t\t\t\t\t\t<p>La pr\u00e9sente politique peut \u00eatre modifi\u00e9e pour refl\u00e9ter tout changement l\u00e9gal ou technique. La date de r\u00e9vision est indiqu\u00e9e en t\u00eate de document.<\/p>\t\t\t\t\t\t\t\t<\/div>\n\t\t\t\t<\/div>\n\t\t\t\t\t<\/div>\n\t\t\t\t<\/div>\n\t\t\t\t<\/div>","protected":false},"excerpt":{"rendered":"<p>Politique de confidentialit\u00e9 &amp; cookies Derni\u00e8re mise \u00e0 jour : 17 juillet 2025 Qui sommes-nous ? La pr\u00e9sente politique d\u00e9crit comment Elo\u00efse Fares (ci-apr\u00e8s \u00ab nous \u00bb) traite vos donn\u00e9es lors de la navigation sur le site www.eloisefares.com Donn\u00e9es collect\u00e9es Formulaire de contact Cat\u00e9gories : Nom, pr\u00e9nom, nom de structure, e-mail, message Provenance : Directement [&hellip;]<\/p>\n","protected":false},"author":1,"featured_media":0,"parent":0,"menu_order":0,"comment_status":"closed","ping_status":"open","template":"","meta":{"footnotes":""},"class_list":["post-3","page","type-page","status-publish","hentry"],"_links":{"self":[{"href":"https:\/\/eloisefaresharpiste.com\/en\/wp-json\/wp\/v2\/pages\/3","targetHints":{"allow":["GET"]}}],"collection":[{"href":"https:\/\/eloisefaresharpiste.com\/en\/wp-json\/wp\/v2\/pages"}],"about":[{"href":"https:\/\/eloisefaresharpiste.com\/en\/wp-json\/wp\/v2\/types\/page"}],"author":[{"embeddable":true,"href":"https:\/\/eloisefaresharpiste.com\/en\/wp-json\/wp\/v2\/users\/1"}],"replies":[{"embeddable":true,"href":"https:\/\/eloisefaresharpiste.com\/en\/wp-json\/wp\/v2\/comments?post=3"}],"version-history":[{"count":11,"href":"https:\/\/eloisefaresharpiste.com\/en\/wp-json\/wp\/v2\/pages\/3\/revisions"}],"predecessor-version":[{"id":842,"href":"https:\/\/eloisefaresharpiste.com\/en\/wp-json\/wp\/v2\/pages\/3\/revisions\/842"}],"wp:attachment":[{"href":"https:\/\/eloisefaresharpiste.com\/en\/wp-json\/wp\/v2\/media?parent=3"}],"curies":[{"name":"wp","href":"https:\/\/api.w.org\/{rel}","templated":true}]}}