{"id":559,"date":"2025-07-15T16:28:02","date_gmt":"2025-07-15T14:28:02","guid":{"rendered":"https:\/\/eloisefaresharpiste.com\/?page_id=559"},"modified":"2025-08-28T19:20:59","modified_gmt":"2025-08-28T17:20:59","slug":"a-propos","status":"publish","type":"page","link":"https:\/\/eloisefaresharpiste.com\/en\/a-propos\/","title":{"rendered":"A propos d&rsquo;Elo\u00efse Fares"},"content":{"rendered":"<div data-elementor-type=\"wp-page\" data-elementor-id=\"559\" class=\"elementor elementor-559\" data-elementor-post-type=\"page\">\n\t\t\t\t<div class=\"elementor-element elementor-element-558383df e-flex e-con-boxed e-con e-parent\" data-id=\"558383df\" data-element_type=\"container\" data-e-type=\"container\">\n\t\t\t\t\t<div class=\"e-con-inner\">\n\t\t<div class=\"elementor-element elementor-element-3affb00e e-con-full e-flex e-con e-child\" data-id=\"3affb00e\" data-element_type=\"container\" data-e-type=\"container\">\n\t\t\t\t<div class=\"elementor-element elementor-element-13c63f5f elementor-widget elementor-widget-heading\" data-id=\"13c63f5f\" data-element_type=\"widget\" data-e-type=\"widget\" data-widget_type=\"heading.default\">\n\t\t\t\t<div class=\"elementor-widget-container\">\n\t\t\t\t\t<h1 class=\"elementor-heading-title elementor-size-default\">About me<\/h1>\t\t\t\t<\/div>\n\t\t\t\t<\/div>\n\t\t\t\t<div class=\"elementor-element elementor-element-38ebc1ee elementor-widget elementor-widget-heading\" data-id=\"38ebc1ee\" data-element_type=\"widget\" data-e-type=\"widget\" data-widget_type=\"heading.default\">\n\t\t\t\t<div class=\"elementor-widget-container\">\n\t\t\t\t\t<h2 class=\"elementor-heading-title elementor-size-default\">Elo\u00efse is a French harpist with a rich and sensitive background.<\/h2>\t\t\t\t<\/div>\n\t\t\t\t<\/div>\n\t\t\t\t<\/div>\n\t\t\t\t\t<\/div>\n\t\t\t\t<\/div>\n\t\t<div class=\"elementor-element elementor-element-592df2f5 e-flex e-con-boxed e-con e-parent\" data-id=\"592df2f5\" data-element_type=\"container\" data-e-type=\"container\">\n\t\t\t\t\t<div class=\"e-con-inner\">\n\t\t<div class=\"elementor-element elementor-element-28a74710 e-con-full e-flex e-con e-child\" data-id=\"28a74710\" data-element_type=\"container\" data-e-type=\"container\">\n\t\t\t\t<div class=\"elementor-element elementor-element-0bcc7fb e-transform elementor-widget elementor-widget-image\" data-id=\"0bcc7fb\" data-element_type=\"widget\" data-e-type=\"widget\" data-settings=\"{&quot;_transform_flipX_effect&quot;:&quot;transform&quot;}\" data-widget_type=\"image.default\">\n\t\t\t\t<div class=\"elementor-widget-container\">\n\t\t\t\t\t\t\t\t\t\t\t\t\t\t\t<img fetchpriority=\"high\" decoding=\"async\" width=\"683\" height=\"1024\" src=\"https:\/\/eloisefaresharpiste.com\/wp-content\/uploads\/2025\/07\/photo-Eloise-Fares-harpiste-a-propos-photo-1-683x1024.jpg\" class=\"attachment-large size-large wp-image-753\" alt=\"\" srcset=\"https:\/\/eloisefaresharpiste.com\/wp-content\/uploads\/2025\/07\/photo-Eloise-Fares-harpiste-a-propos-photo-1-683x1024.jpg 683w, https:\/\/eloisefaresharpiste.com\/wp-content\/uploads\/2025\/07\/photo-Eloise-Fares-harpiste-a-propos-photo-1-200x300.jpg 200w, https:\/\/eloisefaresharpiste.com\/wp-content\/uploads\/2025\/07\/photo-Eloise-Fares-harpiste-a-propos-photo-1-768x1152.jpg 768w, https:\/\/eloisefaresharpiste.com\/wp-content\/uploads\/2025\/07\/photo-Eloise-Fares-harpiste-a-propos-photo-1.jpg 800w\" sizes=\"(max-width: 683px) 100vw, 683px\" \/>\t\t\t\t\t\t\t\t\t\t\t\t\t\t\t<\/div>\n\t\t\t\t<\/div>\n\t\t\t\t<\/div>\n\t\t<div class=\"elementor-element elementor-element-4e020f07 e-con-full e-flex e-con e-child\" data-id=\"4e020f07\" data-element_type=\"container\" data-e-type=\"container\">\n\t\t\t\t<div class=\"elementor-element elementor-element-4351acff elementor-widget elementor-widget-text-editor\" data-id=\"4351acff\" data-element_type=\"widget\" data-e-type=\"widget\" data-widget_type=\"text-editor.default\">\n\t\t\t\t<div class=\"elementor-widget-container\">\n\t\t\t\t\t\t\t\t\t<p>Trained in <strong>Toulouse,<\/strong>then to <strong>Paris<\/strong> with <strong>Christine Icart<\/strong>. she continued her studies at the <strong>Haute Ecole de Musique in Geneva<\/strong>where she got two master's degrees and found her musical language through work and passion.<\/p><p>Fascinated by the orchestral world, she regularly performs with prestigious orchestras such as :<\/p>\t\t\t\t\t\t\t\t<\/div>\n\t\t\t\t<\/div>\n\t\t\t\t<div class=\"elementor-element elementor-element-2cfcc9c elementor-widget elementor-widget-text-editor\" data-id=\"2cfcc9c\" data-element_type=\"widget\" data-e-type=\"widget\" data-widget_type=\"text-editor.default\">\n\t\t\t\t<div class=\"elementor-widget-container\">\n\t\t\t\t\t\t\t\t\t<ul><li><strong>the Orchestre de la Suisse Romande<\/strong><\/li><li><strong>the Toulouse Capitole Orchestra<\/strong><\/li><li><strong>the Geneva Chamber Orchestra<\/strong><\/li><li><strong>the Verbier Festival Orchestra<\/strong><\/li><li>or the<strong>Basque National Orchestra<\/strong><\/li><\/ul>\t\t\t\t\t\t\t\t<\/div>\n\t\t\t\t<\/div>\n\t\t\t\t<div class=\"elementor-element elementor-element-81a260c elementor-widget elementor-widget-text-editor\" data-id=\"81a260c\" data-element_type=\"widget\" data-e-type=\"widget\" data-widget_type=\"text-editor.default\">\n\t\t\t\t<div class=\"elementor-widget-container\">\n\t\t\t\t\t\t\t\t\t<p>She stands out for her attentive listening and the finesse of her playing, under the direction of conductors such as <strong>Zubin Mehta, Klaus M\u00e4kel\u00e4, Gianandrea Noseda, Jonathan Nott<\/strong>or <strong>Daniel Harding<\/strong>.<\/p>\t\t\t\t\t\t\t\t<\/div>\n\t\t\t\t<\/div>\n\t\t\t\t<\/div>\n\t\t\t\t\t<\/div>\n\t\t\t\t<\/div>\n\t\t<div class=\"elementor-element elementor-element-4c47cde5 e-flex e-con-boxed e-con e-parent\" data-id=\"4c47cde5\" data-element_type=\"container\" data-e-type=\"container\">\n\t\t\t\t\t<div class=\"e-con-inner\">\n\t\t<div class=\"elementor-element elementor-element-7846b0e e-con-full e-flex e-con e-child\" data-id=\"7846b0e\" data-element_type=\"container\" data-e-type=\"container\">\n\t\t\t\t<div class=\"elementor-element elementor-element-65ade3c8 elementor-widget elementor-widget-text-editor\" data-id=\"65ade3c8\" data-element_type=\"widget\" data-e-type=\"widget\" data-widget_type=\"text-editor.default\">\n\t\t\t\t<div class=\"elementor-widget-container\">\n\t\t\t\t\t\t\t\t\t<p>In March <strong>2025<\/strong>, she joined the<strong>Verbier Festival Chamber Orchestra,<\/strong>with whom she will tour in <strong>South Korea<\/strong>during the <strong>Tongyeong Music Festival<\/strong>.<\/p>\t\t\t\t\t\t\t\t<\/div>\n\t\t\t\t<\/div>\n\t\t\t\t<\/div>\n\t\t<div class=\"elementor-element elementor-element-6006a39 e-con-full e-flex e-con e-child\" data-id=\"6006a39\" data-element_type=\"container\" data-e-type=\"container\">\n\t\t\t\t<div class=\"elementor-element elementor-element-373d638 elementor-widget elementor-widget-image\" data-id=\"373d638\" data-element_type=\"widget\" data-e-type=\"widget\" data-widget_type=\"image.default\">\n\t\t\t\t<div class=\"elementor-widget-container\">\n\t\t\t\t\t\t\t\t\t\t\t\t\t\t\t<img decoding=\"async\" width=\"800\" height=\"550\" src=\"https:\/\/eloisefaresharpiste.com\/wp-content\/uploads\/2025\/07\/photo-Eloise-Fares-harpiste-a-propos-photo-8.jpg\" class=\"attachment-large size-large wp-image-874\" alt=\"\" srcset=\"https:\/\/eloisefaresharpiste.com\/wp-content\/uploads\/2025\/07\/photo-Eloise-Fares-harpiste-a-propos-photo-8.jpg 800w, https:\/\/eloisefaresharpiste.com\/wp-content\/uploads\/2025\/07\/photo-Eloise-Fares-harpiste-a-propos-photo-8-300x206.jpg 300w, https:\/\/eloisefaresharpiste.com\/wp-content\/uploads\/2025\/07\/photo-Eloise-Fares-harpiste-a-propos-photo-8-768x528.jpg 768w\" sizes=\"(max-width: 800px) 100vw, 800px\" \/>\t\t\t\t\t\t\t\t\t\t\t\t\t\t\t<\/div>\n\t\t\t\t<\/div>\n\t\t\t\t<\/div>\n\t\t\t\t\t<\/div>\n\t\t\t\t<\/div>\n\t\t<div class=\"elementor-element elementor-element-c4754a6 e-flex e-con-boxed e-con e-parent\" data-id=\"c4754a6\" data-element_type=\"container\" data-e-type=\"container\">\n\t\t\t\t\t<div class=\"e-con-inner\">\n\t\t<div class=\"elementor-element elementor-element-fb3d136 e-con-full e-flex e-con e-child\" data-id=\"fb3d136\" data-element_type=\"container\" data-e-type=\"container\">\n\t\t\t\t<div class=\"elementor-element elementor-element-15985fe elementor-widget elementor-widget-image\" data-id=\"15985fe\" data-element_type=\"widget\" data-e-type=\"widget\" data-widget_type=\"image.default\">\n\t\t\t\t<div class=\"elementor-widget-container\">\n\t\t\t\t\t\t\t\t\t\t\t\t\t\t\t<img decoding=\"async\" width=\"800\" height=\"550\" src=\"https:\/\/eloisefaresharpiste.com\/wp-content\/uploads\/2025\/07\/photo-Eloise-Fares-harpiste-a-propos-photo-6.jpg\" class=\"attachment-large size-large wp-image-758\" alt=\"\" srcset=\"https:\/\/eloisefaresharpiste.com\/wp-content\/uploads\/2025\/07\/photo-Eloise-Fares-harpiste-a-propos-photo-6.jpg 800w, https:\/\/eloisefaresharpiste.com\/wp-content\/uploads\/2025\/07\/photo-Eloise-Fares-harpiste-a-propos-photo-6-300x206.jpg 300w, https:\/\/eloisefaresharpiste.com\/wp-content\/uploads\/2025\/07\/photo-Eloise-Fares-harpiste-a-propos-photo-6-768x528.jpg 768w\" sizes=\"(max-width: 800px) 100vw, 800px\" \/>\t\t\t\t\t\t\t\t\t\t\t\t\t\t\t<\/div>\n\t\t\t\t<\/div>\n\t\t\t\t<\/div>\n\t\t<div class=\"elementor-element elementor-element-55026aa e-con-full e-flex e-con e-child\" data-id=\"55026aa\" data-element_type=\"container\" data-e-type=\"container\">\n\t\t\t\t<div class=\"elementor-element elementor-element-18860f1 elementor-widget elementor-widget-text-editor\" data-id=\"18860f1\" data-element_type=\"widget\" data-e-type=\"widget\" data-widget_type=\"text-editor.default\">\n\t\t\t\t<div class=\"elementor-widget-container\">\n\t\t\t\t\t\t\t\t\t<p><strong>For the 2025\u20132026 season,<\/strong>she got selected to be the principal harpist <strong>of New World Symphony in Miami Beach,<\/strong>marking a prestigious milestone in her career.<\/p><p><span style=\"font-weight: 400;\">She will be back in Europe with the<\/span><span style=\"font-weight: 400;\">\u00a0<\/span><b>Geneva Camerata<\/b><span style=\"font-weight: 400;\"> in <\/span><b>January 2026,<\/b><span style=\"font-weight: 400;\">with whom she notably performed <\/span><b>Mahler's 1st Symphony<\/b><span style=\"font-weight: 400;\">in a version <\/span><b>choreographed by Marion Motin<\/b><span style=\"font-weight: 400;\">.<\/span><\/p>\t\t\t\t\t\t\t\t<\/div>\n\t\t\t\t<\/div>\n\t\t\t\t<\/div>\n\t\t\t\t\t<\/div>\n\t\t\t\t<\/div>\n\t\t<div class=\"elementor-element elementor-element-d585d1a e-flex e-con-boxed e-con e-parent\" data-id=\"d585d1a\" data-element_type=\"container\" data-e-type=\"container\">\n\t\t\t\t\t<div class=\"e-con-inner\">\n\t\t\t\t<div class=\"elementor-element elementor-element-37bd6ef elementor-widget elementor-widget-heading\" data-id=\"37bd6ef\" data-element_type=\"widget\" data-e-type=\"widget\" data-widget_type=\"heading.default\">\n\t\t\t\t<div class=\"elementor-widget-container\">\n\t\t\t\t\t<h3 class=\"elementor-heading-title elementor-size-default\">Her work is not confined to the classical stage : Elo\u00efse loves to create, invent and tell stories in a different way.<\/h3>\t\t\t\t<\/div>\n\t\t\t\t<\/div>\n\t\t\t\t<div class=\"elementor-element elementor-element-bac71b1 elementor-widget elementor-widget-text-editor\" data-id=\"bac71b1\" data-element_type=\"widget\" data-e-type=\"widget\" data-widget_type=\"text-editor.default\">\n\t\t\t\t<div class=\"elementor-widget-container\">\n\t\t\t\t\t\t\t\t\t<p><span style=\"font-weight: 400;\">She designs artistic projects in which the harp enters into dialogue with other forms of expression. Alongside the actress <\/span><b>Lydia Weyrich<\/b><span style=\"font-weight: 400;\"> and <\/span><b>La Compagnie La Renaissance<\/b><span style=\"font-weight: 400;\">, she offers performances combining <\/span><b>music and literature<\/b><span style=\"font-weight: 400;\">, around classical and romantic authors, where words and sounds intertwine gracefully to reveal their profound simplicity.<\/span><\/p><p><span style=\"font-weight: 400;\">She co-created the book-CD <\/span><b><i>\u00ab Lorsque tout dort \u00bb<\/i><\/b><span style=\"font-weight: 400;\">, dedicated to <\/span><b>French melodies for voice and harp<\/b><span style=\"font-weight: 400;\">with the soprano <\/span><b>Mathilde Kohn<\/b><span style=\"font-weight: 400;\"> and the illustrator <\/span><b>Arthur Kohn<\/b><span style=\"font-weight: 400;\"> - a delicate creation that blends music, poetry and visual imagination, designed to appeal to young and old alike.<\/span><\/p><p><span style=\"font-weight: 400;\">In 2024, her project <\/span><b><i>\"Musical Paintings of an Exhibition\u00a0\u00bb,<\/i><\/b><span style=\"font-weight: 400;\">a performance combining <\/span><b>music and painting<\/b><span style=\"font-weight: 400;\">is selected at the <\/span><b>World Harp Competition<\/b><span style=\"font-weight: 400;\"> as part of the <\/span><b>Dutch Harp Festival,<\/b><span style=\"font-weight: 400;\">and its commitment to sensitive, visual and innovative artistic ideas.<\/span><\/p>\t\t\t\t\t\t\t\t<\/div>\n\t\t\t\t<\/div>\n\t\t\t\t\t<\/div>\n\t\t\t\t<\/div>\n\t\t<div class=\"elementor-element elementor-element-6f8c68b e-flex e-con-boxed e-con e-parent\" data-id=\"6f8c68b\" data-element_type=\"container\" data-e-type=\"container\">\n\t\t\t\t\t<div class=\"e-con-inner\">\n\t\t<div class=\"elementor-element elementor-element-f3d87c2 e-con-full e-flex e-con e-child\" data-id=\"f3d87c2\" data-element_type=\"container\" data-e-type=\"container\">\n\t\t\t\t<div class=\"elementor-element elementor-element-1cd89fd elementor-widget elementor-widget-heading\" data-id=\"1cd89fd\" data-element_type=\"widget\" data-e-type=\"widget\" data-widget_type=\"heading.default\">\n\t\t\t\t<div class=\"elementor-widget-container\">\n\t\t\t\t\t<h3 class=\"elementor-heading-title elementor-size-default\">Committed chamber musician.<\/h3>\t\t\t\t<\/div>\n\t\t\t\t<\/div>\n\t\t\t\t<div class=\"elementor-element elementor-element-a96e6e2 elementor-widget elementor-widget-text-editor\" data-id=\"a96e6e2\" data-element_type=\"widget\" data-e-type=\"widget\" data-widget_type=\"text-editor.default\">\n\t\t\t\t<div class=\"elementor-widget-container\">\n\t\t\t\t\t\t\t\t\t<p><span style=\"font-weight: 400;\">In <\/span><b>2019<\/b><span style=\"font-weight: 400;\"> the <\/span><b>duo Rosae<\/b><span style=\"font-weight: 400;\"> (flute &amp; harp)<\/span> is founded with <strong>Manon Gayet,<\/strong>a long-time friend, with whom she performs at various festivals, including les <strong>Jeudis musicaux de Royan.<\/strong>.<\/p><p>In 2025, she also created the <strong>Fermina duo<\/strong> (flute &amp; harp) with <strong>Marion Rougon-B\u00e9tis<\/strong>giving birth to the show <em><strong>\"Femmes de Caract\u00e8re\",<\/strong><\/em>where theatre and music merge.<\/p>\t\t\t\t\t\t\t\t<\/div>\n\t\t\t\t<\/div>\n\t\t\t\t<\/div>\n\t\t<div class=\"elementor-element elementor-element-a278d40 e-con-full e-flex e-con e-child\" data-id=\"a278d40\" data-element_type=\"container\" data-e-type=\"container\">\n\t\t\t\t<div class=\"elementor-element elementor-element-508a399 elementor-widget elementor-widget-image\" data-id=\"508a399\" data-element_type=\"widget\" data-e-type=\"widget\" data-widget_type=\"image.default\">\n\t\t\t\t<div class=\"elementor-widget-container\">\n\t\t\t\t\t\t\t\t\t\t\t\t\t\t\t<img loading=\"lazy\" decoding=\"async\" width=\"800\" height=\"550\" src=\"https:\/\/eloisefaresharpiste.com\/wp-content\/uploads\/2025\/07\/photo-Eloise-Fares-harpiste-a-propos-photo-9.jpg\" class=\"attachment-large size-large wp-image-875\" alt=\"\" srcset=\"https:\/\/eloisefaresharpiste.com\/wp-content\/uploads\/2025\/07\/photo-Eloise-Fares-harpiste-a-propos-photo-9.jpg 800w, https:\/\/eloisefaresharpiste.com\/wp-content\/uploads\/2025\/07\/photo-Eloise-Fares-harpiste-a-propos-photo-9-300x206.jpg 300w, https:\/\/eloisefaresharpiste.com\/wp-content\/uploads\/2025\/07\/photo-Eloise-Fares-harpiste-a-propos-photo-9-768x528.jpg 768w\" sizes=\"(max-width: 800px) 100vw, 800px\" \/>\t\t\t\t\t\t\t\t\t\t\t\t\t\t\t<\/div>\n\t\t\t\t<\/div>\n\t\t\t\t<\/div>\n\t\t\t\t\t<\/div>\n\t\t\t\t<\/div>\n\t\t<div class=\"elementor-element elementor-element-32b48f1 e-flex e-con-boxed e-con e-parent\" data-id=\"32b48f1\" data-element_type=\"container\" data-e-type=\"container\">\n\t\t\t\t\t<div class=\"e-con-inner\">\n\t\t<div class=\"elementor-element elementor-element-ee0d1ea e-con-full e-flex e-con e-child\" data-id=\"ee0d1ea\" data-element_type=\"container\" data-e-type=\"container\">\n\t\t\t\t<div class=\"elementor-element elementor-element-59ebb25 elementor-widget elementor-widget-image\" data-id=\"59ebb25\" data-element_type=\"widget\" data-e-type=\"widget\" data-widget_type=\"image.default\">\n\t\t\t\t<div class=\"elementor-widget-container\">\n\t\t\t\t\t\t\t\t\t\t\t\t\t\t\t<img loading=\"lazy\" decoding=\"async\" width=\"800\" height=\"550\" src=\"https:\/\/eloisefaresharpiste.com\/wp-content\/uploads\/2025\/07\/photo-Eloise-Fares-harpiste-a-propos-photo-10.jpg\" class=\"attachment-large size-large wp-image-876\" alt=\"\" srcset=\"https:\/\/eloisefaresharpiste.com\/wp-content\/uploads\/2025\/07\/photo-Eloise-Fares-harpiste-a-propos-photo-10.jpg 800w, https:\/\/eloisefaresharpiste.com\/wp-content\/uploads\/2025\/07\/photo-Eloise-Fares-harpiste-a-propos-photo-10-300x206.jpg 300w, https:\/\/eloisefaresharpiste.com\/wp-content\/uploads\/2025\/07\/photo-Eloise-Fares-harpiste-a-propos-photo-10-768x528.jpg 768w\" sizes=\"(max-width: 800px) 100vw, 800px\" \/>\t\t\t\t\t\t\t\t\t\t\t\t\t\t\t<\/div>\n\t\t\t\t<\/div>\n\t\t\t\t<\/div>\n\t\t<div class=\"elementor-element elementor-element-28a3434 e-con-full e-flex e-con e-child\" data-id=\"28a3434\" data-element_type=\"container\" data-e-type=\"container\">\n\t\t\t\t<div class=\"elementor-element elementor-element-ca00ffd elementor-widget elementor-widget-heading\" data-id=\"ca00ffd\" data-element_type=\"widget\" data-e-type=\"widget\" data-widget_type=\"heading.default\">\n\t\t\t\t<div class=\"elementor-widget-container\">\n\t\t\t\t\t<h3 class=\"elementor-heading-title elementor-size-default\">Musician and teacher.<\/h3>\t\t\t\t<\/div>\n\t\t\t\t<\/div>\n\t\t\t\t<div class=\"elementor-element elementor-element-5578724 elementor-widget elementor-widget-text-editor\" data-id=\"5578724\" data-element_type=\"widget\" data-e-type=\"widget\" data-widget_type=\"text-editor.default\">\n\t\t\t\t<div class=\"elementor-widget-container\">\n\t\t\t\t\t\t\t\t\t<p>As a dedicated teacher, she has taught the harp at the <strong>Noisy-le-Grand Conservatoire<\/strong> as well as <strong>Conservatoire Populaire de Musique et de Danse of Geneva,<\/strong>convinced that the transmission of knowledge goes through <strong>curiosity,<\/strong>a bit of <strong>softness,<\/strong>and <strong>enthusiasm<\/strong>.<\/p>\t\t\t\t\t\t\t\t<\/div>\n\t\t\t\t<\/div>\n\t\t\t\t<\/div>\n\t\t\t\t\t<\/div>\n\t\t\t\t<\/div>\n\t\t<div class=\"elementor-element elementor-element-22d4306 e-flex e-con-boxed e-con e-parent\" data-id=\"22d4306\" data-element_type=\"container\" data-e-type=\"container\" data-settings=\"{&quot;background_background&quot;:&quot;classic&quot;}\">\n\t\t\t\t\t<div class=\"e-con-inner\">\n\t\t\t\t<div class=\"elementor-element elementor-element-02dcaf7 elementor-widget elementor-widget-text-editor\" data-id=\"02dcaf7\" data-element_type=\"widget\" data-e-type=\"widget\" data-widget_type=\"text-editor.default\">\n\t\t\t\t<div class=\"elementor-widget-container\">\n\t\t\t\t\t\t\t\t\t<p><strong>Elo\u00efse<\/strong> loves <strong>encounters :<\/strong> musical, human, interdisciplinary. She conceives music as <strong>a place of connection<\/strong>, <strong>emotion,<\/strong>and <strong>invention,<\/strong>in an approach that is both<strong> rigorous, lively and deeply poetic.<\/strong><\/p>\t\t\t\t\t\t\t\t<\/div>\n\t\t\t\t<\/div>\n\t\t\t\t\t<\/div>\n\t\t\t\t<\/div>\n\t\t\t\t<\/div>","protected":false},"excerpt":{"rendered":"<p>A propos Elo\u00efse est une harpiste fran\u00e7aise au parcours riche et sensible. Form\u00e9e \u00e0 Toulouse, puis \u00e0 Paris aupr\u00e8s de Christine Icart. elle poursuit ses \u00e9tudes \u00e0 la Haute \u00c9cole de Musique de Gen\u00e8ve, o\u00f9 elle obtient deux masters et affine son langage musical avec exigence et passion. Fascin\u00e9e par l\u2019univers orchestral, elle se produit [&hellip;]<\/p>\n","protected":false},"author":1,"featured_media":0,"parent":0,"menu_order":0,"comment_status":"closed","ping_status":"closed","template":"","meta":{"footnotes":""},"class_list":["post-559","page","type-page","status-publish","hentry"],"_links":{"self":[{"href":"https:\/\/eloisefaresharpiste.com\/en\/wp-json\/wp\/v2\/pages\/559","targetHints":{"allow":["GET"]}}],"collection":[{"href":"https:\/\/eloisefaresharpiste.com\/en\/wp-json\/wp\/v2\/pages"}],"about":[{"href":"https:\/\/eloisefaresharpiste.com\/en\/wp-json\/wp\/v2\/types\/page"}],"author":[{"embeddable":true,"href":"https:\/\/eloisefaresharpiste.com\/en\/wp-json\/wp\/v2\/users\/1"}],"replies":[{"embeddable":true,"href":"https:\/\/eloisefaresharpiste.com\/en\/wp-json\/wp\/v2\/comments?post=559"}],"version-history":[{"count":19,"href":"https:\/\/eloisefaresharpiste.com\/en\/wp-json\/wp\/v2\/pages\/559\/revisions"}],"predecessor-version":[{"id":1023,"href":"https:\/\/eloisefaresharpiste.com\/en\/wp-json\/wp\/v2\/pages\/559\/revisions\/1023"}],"wp:attachment":[{"href":"https:\/\/eloisefaresharpiste.com\/en\/wp-json\/wp\/v2\/media?parent=559"}],"curies":[{"name":"wp","href":"https:\/\/api.w.org\/{rel}","templated":true}]}}