{"id":750,"date":"2025-07-16T15:44:02","date_gmt":"2025-07-16T13:44:02","guid":{"rendered":"https:\/\/eloisefaresharpiste.com\/?page_id=750"},"modified":"2025-08-25T11:28:46","modified_gmt":"2025-08-25T09:28:46","slug":"mentions-legales","status":"publish","type":"page","link":"https:\/\/eloisefaresharpiste.com\/en\/mentions-legales\/","title":{"rendered":"Legal information"},"content":{"rendered":"<div data-elementor-type=\"wp-page\" data-elementor-id=\"750\" class=\"elementor elementor-750\" data-elementor-post-type=\"page\">\n\t\t\t\t<div class=\"elementor-element elementor-element-f0a049e e-flex e-con-boxed e-con e-parent\" data-id=\"f0a049e\" data-element_type=\"container\" data-e-type=\"container\">\n\t\t\t\t\t<div class=\"e-con-inner\">\n\t\t\t\t<div class=\"elementor-element elementor-element-3ec9e4e elementor-widget elementor-widget-heading\" data-id=\"3ec9e4e\" data-element_type=\"widget\" data-e-type=\"widget\" data-widget_type=\"heading.default\">\n\t\t\t\t<div class=\"elementor-widget-container\">\n\t\t\t\t\t<h2 class=\"elementor-heading-title elementor-size-default\">Legal information<\/h2>\t\t\t\t<\/div>\n\t\t\t\t<\/div>\n\t\t\t\t<div class=\"elementor-element elementor-element-4b3a8f3 elementor-widget elementor-widget-text-editor\" data-id=\"4b3a8f3\" data-element_type=\"widget\" data-e-type=\"widget\" data-widget_type=\"text-editor.default\">\n\t\t\t\t<div class=\"elementor-widget-container\">\n\t\t\t\t\t\t\t\t\t<p>Derni\u00e8re mise \u00e0 jour : 17 juillet 2025<\/p>\t\t\t\t\t\t\t\t<\/div>\n\t\t\t\t<\/div>\n\t\t\t\t<div class=\"elementor-element elementor-element-204d3e0 elementor-widget elementor-widget-heading\" data-id=\"204d3e0\" data-element_type=\"widget\" data-e-type=\"widget\" data-widget_type=\"heading.default\">\n\t\t\t\t<div class=\"elementor-widget-container\">\n\t\t\t\t\t<h3 class=\"elementor-heading-title elementor-size-default\">\u00c9diteur du site<\/h3>\t\t\t\t<\/div>\n\t\t\t\t<\/div>\n\t\t\t\t<div class=\"elementor-element elementor-element-4bc3dc8 elementor-widget elementor-widget-text-editor\" data-id=\"4bc3dc8\" data-element_type=\"widget\" data-e-type=\"widget\" data-widget_type=\"text-editor.default\">\n\t\t\t\t<div class=\"elementor-widget-container\">\n\t\t\t\t\t\t\t\t\t<ul><li data-start=\"329\" data-end=\"357\"><p data-start=\"331\" data-end=\"357\"><strong data-start=\"331\" data-end=\"340\">Nom :<\/strong> <em data-start=\"341\" data-end=\"355\">Elo\u00efse Fares<\/em><\/p><\/li><li data-start=\"358\" data-end=\"441\"><p data-start=\"360\" data-end=\"441\"><strong data-start=\"360\" data-end=\"372\">Statut :<\/strong> Personne physique \u2013 artiste musicienne, intermittente du spectacle<\/p><\/li><li data-start=\"442\" data-end=\"516\"><p data-start=\"444\" data-end=\"516\"><strong data-start=\"444\" data-end=\"473\">Adresse professionnelle :<\/strong> 65 rue Eug\u00e8ne-Pons \u2013 69004 Lyon \u2013 France<\/p><\/li><li data-start=\"517\" data-end=\"632\"><p data-start=\"519\" data-end=\"632\"><strong data-start=\"519\" data-end=\"550\">Dispens\u00e9e d\u2019immatriculation<\/strong> au registre du commerce et des soci\u00e9t\u00e9s (article L.123-1-1 du Code de commerce)<\/p><\/li><li data-start=\"633\" data-end=\"684\"><p data-start=\"635\" data-end=\"684\"><strong data-start=\"635\" data-end=\"669\">Directrice de la publication :<\/strong> Elo\u00efse Fares<\/p><\/li><li data-start=\"685\" data-end=\"747\"><p data-start=\"687\" data-end=\"747\"><strong data-start=\"687\" data-end=\"700\">Contact :<\/strong> <a class=\"cursor-pointer\" rel=\"noopener\" data-start=\"701\" data-end=\"722\">eloisefares31@gmail.com<\/a> \u2013 +33 (0)6 78 45 83 61<\/p><\/li><\/ul>\t\t\t\t\t\t\t\t<\/div>\n\t\t\t\t<\/div>\n\t\t\t\t<div class=\"elementor-element elementor-element-68a408c elementor-widget elementor-widget-heading\" data-id=\"68a408c\" data-element_type=\"widget\" data-e-type=\"widget\" data-widget_type=\"heading.default\">\n\t\t\t\t<div class=\"elementor-widget-container\">\n\t\t\t\t\t<h3 class=\"elementor-heading-title elementor-size-default\">H\u00e9bergeur<\/h3>\t\t\t\t<\/div>\n\t\t\t\t<\/div>\n\t\t\t\t<div class=\"elementor-element elementor-element-9bea753 elementor-widget elementor-widget-text-editor\" data-id=\"9bea753\" data-element_type=\"widget\" data-e-type=\"widget\" data-widget_type=\"text-editor.default\">\n\t\t\t\t<div class=\"elementor-widget-container\">\n\t\t\t\t\t\t\t\t\t<p>OVH \u2013 OVH Groupe SA<br data-start=\"784\" data-end=\"787\" \/>2 rue Kellermann \u2013 59100 Roubaix \u2013 France<br data-start=\"828\" data-end=\"831\" \/>T\u00e9l. : +33 (0)9 72 10 10 07 \u2013 <a class=\"\" href=\"http:\/\/www.ovhcloud.com\" target=\"_new\" rel=\"noopener\" data-start=\"861\" data-end=\"877\">www.ovhcloud.com<\/a><\/p>\t\t\t\t\t\t\t\t<\/div>\n\t\t\t\t<\/div>\n\t\t\t\t<div class=\"elementor-element elementor-element-ea4ebc5 elementor-widget elementor-widget-heading\" data-id=\"ea4ebc5\" data-element_type=\"widget\" data-e-type=\"widget\" data-widget_type=\"heading.default\">\n\t\t\t\t<div class=\"elementor-widget-container\">\n\t\t\t\t\t<h3 class=\"elementor-heading-title elementor-size-default\">Conception \/ r\u00e9alisation<\/h3>\t\t\t\t<\/div>\n\t\t\t\t<\/div>\n\t\t\t\t<div class=\"elementor-element elementor-element-c9b020f elementor-widget elementor-widget-text-editor\" data-id=\"c9b020f\" data-element_type=\"widget\" data-e-type=\"widget\" data-widget_type=\"text-editor.default\">\n\t\t\t\t<div class=\"elementor-widget-container\">\n\t\t\t\t\t\t\t\t\t<p>Charlotte B\u00e9bin \u2013 <a class=\"\" href=\"http:\/\/www.cb-book.fr\" target=\"_new\" rel=\"noopener\" data-start=\"930\" data-end=\"944\">www.cb-book.fr<\/a><\/p>\t\t\t\t\t\t\t\t<\/div>\n\t\t\t\t<\/div>\n\t\t\t\t<div class=\"elementor-element elementor-element-648eeea elementor-widget elementor-widget-heading\" data-id=\"648eeea\" data-element_type=\"widget\" data-e-type=\"widget\" data-widget_type=\"heading.default\">\n\t\t\t\t<div class=\"elementor-widget-container\">\n\t\t\t\t\t<h3 class=\"elementor-heading-title elementor-size-default\">Propri\u00e9t\u00e9 intellectuelle<\/h3>\t\t\t\t<\/div>\n\t\t\t\t<\/div>\n\t\t\t\t<div class=\"elementor-element elementor-element-07dca88 elementor-widget elementor-widget-text-editor\" data-id=\"07dca88\" data-element_type=\"widget\" data-e-type=\"widget\" data-widget_type=\"text-editor.default\">\n\t\t\t\t<div class=\"elementor-widget-container\">\n\t\t\t\t\t\t\t\t\t<p>L\u2019ensemble des contenus (textes, partitions, photographies, enregistrements, vid\u00e9os, visuels, etc.) est prot\u00e9g\u00e9 par le Code de la propri\u00e9t\u00e9 intellectuelle. Toute reproduction, repr\u00e9sentation, adaptation ou exploitation, totale ou partielle, sans autorisation \u00e9crite pr\u00e9alable d\u2019Elo\u00efse Fares est interdite, hors exceptions l\u00e9gales.<\/p>\t\t\t\t\t\t\t\t<\/div>\n\t\t\t\t<\/div>\n\t\t\t\t<div class=\"elementor-element elementor-element-dc9923c elementor-widget elementor-widget-heading\" data-id=\"dc9923c\" data-element_type=\"widget\" data-e-type=\"widget\" data-widget_type=\"heading.default\">\n\t\t\t\t<div class=\"elementor-widget-container\">\n\t\t\t\t\t<h3 class=\"elementor-heading-title elementor-size-default\">Donn\u00e9es personnelles &amp; cookies<\/h3>\t\t\t\t<\/div>\n\t\t\t\t<\/div>\n\t\t\t\t<div class=\"elementor-element elementor-element-b22dd68 elementor-widget elementor-widget-text-editor\" data-id=\"b22dd68\" data-element_type=\"widget\" data-e-type=\"widget\" data-widget_type=\"text-editor.default\">\n\t\t\t\t<div class=\"elementor-widget-container\">\n\t\t\t\t\t\t\t\t\t<p>Donn\u00e9es trait\u00e9es : nom, pr\u00e9nom, organisation, e-mail (formulaire de contact).<br data-start=\"1427\" data-end=\"1430\" \/>Pour les droits, finalit\u00e9s, dur\u00e9es et usage des cookies, voir la <a href=\"https:\/\/eloisefaresharpiste.com\/en\/politique-de-confidentialite-et-coockies\/\"><strong data-start=\"1495\" data-end=\"1537\">Politique de confidentialit\u00e9 &amp; cookies<\/strong>.<\/a><\/p>\t\t\t\t\t\t\t\t<\/div>\n\t\t\t\t<\/div>\n\t\t\t\t<div class=\"elementor-element elementor-element-79fcbfd elementor-widget elementor-widget-heading\" data-id=\"79fcbfd\" data-element_type=\"widget\" data-e-type=\"widget\" data-widget_type=\"heading.default\">\n\t\t\t\t<div class=\"elementor-widget-container\">\n\t\t\t\t\t<h3 class=\"elementor-heading-title elementor-size-default\">Responsabilit\u00e9<\/h3>\t\t\t\t<\/div>\n\t\t\t\t<\/div>\n\t\t\t\t<div class=\"elementor-element elementor-element-d8da16d elementor-widget elementor-widget-text-editor\" data-id=\"d8da16d\" data-element_type=\"widget\" data-e-type=\"widget\" data-widget_type=\"text-editor.default\">\n\t\t\t\t<div class=\"elementor-widget-container\">\n\t\t\t\t\t\t\t\t\t<p>Malgr\u00e9 le soin apport\u00e9 \u00e0 la mise \u00e0 jour du site, des erreurs peuvent subsister. L\u2019\u00e9diteur d\u00e9cline toute responsabilit\u00e9 quant \u00e0 l\u2019usage fait des informations publi\u00e9es et \u00e0 tout pr\u00e9judice direct ou indirect pouvant en r\u00e9sulter.<\/p>\t\t\t\t\t\t\t\t<\/div>\n\t\t\t\t<\/div>\n\t\t\t\t<div class=\"elementor-element elementor-element-b8baa2e elementor-widget elementor-widget-heading\" data-id=\"b8baa2e\" data-element_type=\"widget\" data-e-type=\"widget\" data-widget_type=\"heading.default\">\n\t\t\t\t<div class=\"elementor-widget-container\">\n\t\t\t\t\t<h3 class=\"elementor-heading-title elementor-size-default\">Droit applicable<\/h3>\t\t\t\t<\/div>\n\t\t\t\t<\/div>\n\t\t\t\t<div class=\"elementor-element elementor-element-d340b61 elementor-widget elementor-widget-text-editor\" data-id=\"d340b61\" data-element_type=\"widget\" data-e-type=\"widget\" data-widget_type=\"text-editor.default\">\n\t\t\t\t<div class=\"elementor-widget-container\">\n\t\t\t\t\t\t\t\t\t<p>Le site est r\u00e9gi par le droit fran\u00e7ais. Tout litige rel\u00e8ve de la comp\u00e9tence exclusive des tribunaux fran\u00e7ais comp\u00e9tents.<\/p>\t\t\t\t\t\t\t\t<\/div>\n\t\t\t\t<\/div>\n\t\t\t\t\t<\/div>\n\t\t\t\t<\/div>\n\t\t\t\t<\/div>","protected":false},"excerpt":{"rendered":"<p>Mentions l\u00e9gales Derni\u00e8re mise \u00e0 jour : 17 juillet 2025 \u00c9diteur du site Nom : Elo\u00efse Fares Statut : Personne physique \u2013 artiste musicienne, intermittente du spectacle Adresse professionnelle : 65 rue Eug\u00e8ne-Pons \u2013 69004 Lyon \u2013 France Dispens\u00e9e d\u2019immatriculation au registre du commerce et des soci\u00e9t\u00e9s (article L.123-1-1 du Code de commerce) Directrice de [&hellip;]<\/p>\n","protected":false},"author":1,"featured_media":0,"parent":0,"menu_order":0,"comment_status":"closed","ping_status":"closed","template":"","meta":{"footnotes":""},"class_list":["post-750","page","type-page","status-publish","hentry"],"_links":{"self":[{"href":"https:\/\/eloisefaresharpiste.com\/en\/wp-json\/wp\/v2\/pages\/750","targetHints":{"allow":["GET"]}}],"collection":[{"href":"https:\/\/eloisefaresharpiste.com\/en\/wp-json\/wp\/v2\/pages"}],"about":[{"href":"https:\/\/eloisefaresharpiste.com\/en\/wp-json\/wp\/v2\/types\/page"}],"author":[{"embeddable":true,"href":"https:\/\/eloisefaresharpiste.com\/en\/wp-json\/wp\/v2\/users\/1"}],"replies":[{"embeddable":true,"href":"https:\/\/eloisefaresharpiste.com\/en\/wp-json\/wp\/v2\/comments?post=750"}],"version-history":[{"count":10,"href":"https:\/\/eloisefaresharpiste.com\/en\/wp-json\/wp\/v2\/pages\/750\/revisions"}],"predecessor-version":[{"id":1028,"href":"https:\/\/eloisefaresharpiste.com\/en\/wp-json\/wp\/v2\/pages\/750\/revisions\/1028"}],"wp:attachment":[{"href":"https:\/\/eloisefaresharpiste.com\/en\/wp-json\/wp\/v2\/media?parent=750"}],"curies":[{"name":"wp","href":"https:\/\/api.w.org\/{rel}","templated":true}]}}